{"id":8882,"date":"2019-09-02T10:11:26","date_gmt":"2019-09-02T08:11:26","guid":{"rendered":"https:\/\/droitetcroissance.fr\/?page_id=8882"},"modified":"2019-09-02T10:11:26","modified_gmt":"2019-09-02T08:11:26","slug":"legal-notice","status":"publish","type":"page","link":"https:\/\/droitetcroissance.fr\/en\/legal-notice\/","title":{"rendered":"Legal Notice"},"content":{"rendered":"<h2 style=\"text-align: left;\" align=\"center\">\u00a0<b>1.\u00a0\u00a0\u00a0 <\/b><b>Pr\u00e9sentation du site\u00a0www.droitetcroissance.fr<\/b><\/h2>\n<p align=\"center\"><b>Institut Droit &amp; Croissance<\/b><b><i>\u00a0<\/i><\/b><\/p>\n<p align=\"center\"><b><i><\/i><\/b><b><i>Association r\u00e9gie par la loi du 1<sup>er<\/sup> juillet 1901<\/i><\/b><\/p>\n<p align=\"center\"><b><i>Si\u00e8ge social : C\/O Institut Louis Bachelier &#8211; 28 place de la Bourse &#8211; 75002 Paris<\/i><\/b><\/p>\n<p style=\"text-align: justify;\">La pr\u00e9sentation du site internet <a href=\"http:\/\/www.droitetcroissance.fr\">www.droitetcroissance.fr<\/a> et son contenu sont la propri\u00e9t\u00e9 de l\u2019Institut Droit &amp; Croissance, Association r\u00e9gie par la loi du 1<sup>er<\/sup> juillet 1901.<\/p>\n<p style=\"text-align: justify;\">La reproduction ou repr\u00e9sentation, int\u00e9grale ou partielle, des pages, des donn\u00e9es et de tout autre \u00e9l\u00e9ment constitutif au site, par quelque proc\u00e9d\u00e9 que se soit, ne peut \u00eatre effectu\u00e9e que par l\u2019autorisation expresse de son propri\u00e9taire.<\/p>\n<h2><b>2. Conditions g\u00e9n\u00e9rales d\u2019utilisation du site <\/b><b>internet<\/b><b>\u00a0: <\/b><\/h2>\n<p style=\"text-align: justify;\">L\u2019utilisation du site <a href=\"www.droitetcroissance.fr\">www.droitetcroissance.fr<\/a> implique l\u2019acceptation pleine et enti\u00e8re des conditions g\u00e9n\u00e9rales d\u2019utilisation d\u00e9velopp\u00e9es ci-apr\u00e8s. Ces conditions d\u2019utilisation sont susceptibles d\u2019\u00eatre modifi\u00e9es ou compl\u00e9t\u00e9es par l\u2019Institut Droit &amp; Croissance et ces modifications sont opposables \u00e0 l\u2019utilisateur (entendu comme l\u2019internaute se connectant, utilisant le site susmentionn\u00e9) d\u00e8s leur mise en ligne sur le site internet. Les utilisateurs du site <a href=\"www.droitetcroissance.fr\">www.droitetcroissance.fr<\/a> sont donc invit\u00e9s \u00e0 les consulter de mani\u00e8re r\u00e9guli\u00e8re.<\/p>\n<h2><b>3. Objet du site internet\u00a0:<\/b><\/h2>\n<p style=\"text-align: justify;\">Le site <a href=\"www.droitetcroissance.fr\">www.droitetcroissance.fr<\/a> a pour objet de fournir une information concernant l\u2019ensemble des activit\u00e9s de l\u2019Association Institut Droit &amp; Croissance, de publier les recherches effectu\u00e9es par les membres de Droit &amp; Croissance, ainsi que toutes celles faisant r\u00e9f\u00e9rence \u00e0 l\u2019Institut Droit &amp; Croissance et enfin de promouvoir les \u00e9v\u00e9nements organis\u00e9s par l\u2019Institut Droit &amp; Croissance.<\/p>\n<h2><b>4. Propri\u00e9t\u00e9 intellectuelle\u00a0:<\/b><\/h2>\n<p style=\"text-align: justify;\">L\u2019Institut Droit &amp; Croissance est propri\u00e9taire des droits de propri\u00e9t\u00e9 intellectuelle ou d\u00e9tient les droits d\u2019usage sur tous les \u00e9l\u00e9ments accessibles sur le site, notamment les textes, graphismes, logos, ic\u00f4nes, sons, logiciels ou donn\u00e9es incorpor\u00e9es au logiciel.<\/p>\n<p style=\"text-align: justify;\">Toute reproduction, repr\u00e9sentation, publication, adaptation de tout ou partie des \u00e9l\u00e9ments du site, quel que soit le moyen ou le proc\u00e9d\u00e9 utilis\u00e9, est interdite, sauf autorisation \u00e9crite pr\u00e9alable \u00e0\u00a0: <a href=\"&#109;&#x61;&#105;&#x6c;&#116;&#x6f;:&#x73;v&#x65;r&#x6d;e&#x69;l&#x6c;e&#x40;d&#x72;o&#x69;t&#101;&#x74;&#99;&#x72;&#111;&#x69;&#115;&#x73;a&#x6e;c&#x65;.&#x66;r\">Sophie Vermeille<\/a><\/p>\n<p style=\"text-align: justify;\">Toute exploitation non autoris\u00e9e du site ou de l\u2019un quelconque des \u00e9l\u00e9ments qu\u2019il contient sera consid\u00e9r\u00e9e comme constitutive d\u2019une contrefa\u00e7on et poursuivie conform\u00e9ment aux dispositions des articles\u00a0L.335-2 et suivants du Code de Propri\u00e9t\u00e9 Intellectuelle.<\/p>\n<h2><b>6. Garantie relative \u00e0 l\u2019utilisation du site internet\u00a0: <\/b><\/h2>\n<p style=\"text-align: justify;\">Droit &amp; Croissance s\u2019efforce de fournir sur le site www.droitetcroissance.fr des informations aussi pr\u00e9cises que possible. Toutefois, il ne pourra \u00eatre tenu responsable des omissions, des inexactitudes et des carences dans la mise \u00e0 jour, qu\u2019elles soient de son fait ou du fait des tiers partenaires qui lui fournissent ces informations.<\/p>\n<p style=\"text-align: justify;\">Toutes les informations indiqu\u00e9es sur le <a href=\"www.droitetcroissance.fr\">www.droitetcroissance.fr<\/a> sont donn\u00e9es \u00e0 titre indicatif, et sont susceptibles d\u2019\u00e9voluer. Par ailleurs, les renseignements figurant sur le site www.droitetcroissance.fr ne sont pas exhaustifs. Ils sont donn\u00e9s sous r\u00e9serve de modifications ayant \u00e9t\u00e9 apport\u00e9es depuis leur mise en ligne.<\/p>\n<p style=\"text-align: justify;\">En cons\u00e9quence, l\u2019Institut Droit &amp; Croissance ne peut donner aucune assurance ou garantie concernant les informations fournies et ne saurait \u00eatre tenu responsable des dommages directs et indirects caus\u00e9s au mat\u00e9riel de l\u2019utilisateur, lors de l\u2019acc\u00e8s au site <a href=\"http:\/\/www.droitetcroissance.fr\">www.droitetcroissance.fr<\/a>.<\/p>\n<p style=\"text-align: justify;\">Des espaces interactifs (possibilit\u00e9 de poser des questions dans l\u2019espace <a href=\"http:\/\/droitetcroissance.fr\/contact\/\">contactez-nous<\/a>) sont \u00e0 la disposition des utilisateurs. L\u2019Institut Droit &amp; Croissance se r\u00e9serve le droit de supprimer, sans mise en demeure pr\u00e9alable, tout contenu d\u00e9pos\u00e9 dans cet espace qui contreviendrait \u00e0 la l\u00e9gislation applicable en France, en particulier aux dispositions relatives \u00e0 la protection des donn\u00e9es.<\/p>\n<p style=\"text-align: justify;\">Le cas \u00e9ch\u00e9ant, l\u2019Institut Droit &amp; Croissance se r\u00e9serve \u00e9galement la possibilit\u00e9 de mettre en cause la responsabilit\u00e9 civile et\/ou p\u00e9nale de l\u2019utilisateur, notamment en cas de message \u00e0 caract\u00e8re raciste, injurieux, diffamant, ou pornographique, quel que soit le support utilis\u00e9 (photographie, vid\u00e9o, texte\u2026).<\/p>\n<h2><b>7. Acc\u00e8s au site internet\u00a0: <\/b><\/h2>\n<p style=\"text-align: justify;\">L\u2019Institut Droit &amp; Croissance veille \u00e0 ce que le site soit normalement accessible \u00e0 tout moment aux utilisateurs. Cependant, une interruption pour raison de maintenance technique peut \u00eatre d\u00e9cid\u00e9e par l\u2019Institut Droit &amp; Croissance. L\u2019Institut Droit &amp; Croissance se r\u00e9serve le droit de refuser le droit d\u2019acc\u00e8s au site internet \u00e0 tout moment.<\/p>\n<h2><b>8. Gestion des donn\u00e9es personnelles\u00a0:<\/b><\/h2>\n<p style=\"text-align: justify;\">Conform\u00e9ment \u00e0 la r\u00e9glementation modificative en vigueur depuis le 10 juillet 2006, la d\u00e9claration, aupr\u00e8s de la CNIL, d\u2019un site Internet non marchand et\/ou ne r\u00e9coltant pas des donn\u00e9es \u00e0 risque n\u2019est plus obligatoire.\u2028 N\u00e9anmoins, l\u2019association Institut Droit &amp; Croissance s\u2019engage \u00e0 respecter la vie priv\u00e9e de ses abonn\u00e9s \u00e0 la newsletter, partenaires, adh\u00e9rents et tout autre contact de quelque nature que se soit, et se conforme en tout point \u00e0 la l\u00e9gislation sur la protection de la vie priv\u00e9e et des libert\u00e9s individuelles (loi n\u00b0\u00a078-17 du 6 janvier 1978).<\/p>\n<p style=\"text-align: justify;\">Au cours de l\u2019utilisation du site internet <a href=\"http:\/\/www.droitetcroissance.fr\">www.droitetcroissance.fr<\/a>, Droit &amp; Croissance peut \u00eatre amen\u00e9 \u00e0 demander \u00e0 l\u2019utilisateur certaines informations le concernant afin de lui proposer des acc\u00e8s personnalis\u00e9s. \u2028Les donn\u00e9es nominatives (noms, pr\u00e9noms, e-mail\u2026) ou non nominatives pourront \u00eatre demand\u00e9es notamment lors de ses visites sur le site <a href=\"http:\/\/www.droitetcroissance.fr\">www.droitetcroissance.fr<\/a>. Certaines informations concernant l\u2019utilisateur devront \u00eatre obligatoirement communiqu\u00e9es pour qu\u2019il puisse acc\u00e9der au service concern\u00e9. Les informations rev\u00eatant un caract\u00e8re obligatoire sont signal\u00e9es par un ast\u00e9risque.<\/p>\n<p style=\"text-align: justify;\">Sous r\u00e9serve des donn\u00e9es personnelles recueillies dans le cadre de la publication de la newsletter strictement utilis\u00e9es conform\u00e9ment \u00e0 la fonctionnalit\u00e9 de ce service, les informations nominatives et indirectement nominatives recueillies sur le site Internet <a href=\"http:\/\/www.droitetcroissance.fr\">www.droitetcroissance.fr<\/a> ne seront utilis\u00e9es qu\u2019\u00e0 des fins de communication interne.<\/p>\n<p style=\"text-align: justify;\">En conformit\u00e9 avec les dispositions de la loi du 6 janvier 1978 dite \u00ab\u00a0Loi Informatique et Libert\u00e9s\u00a0\u00bb relative \u00e0 l\u2019informatique, aux fichiers et aux libert\u00e9s, tout utilisateur dispose \u00e0 tout moment d\u2019un droit d\u2019acc\u00e8s, de modification, de rectification et de suppression des donn\u00e9es qui le concernent.<\/p>\n<h2><b>9. Loi applicable et attribution de juridiction\u00a0en cas de litige relatif au site internet\u00a0: <\/b><\/h2>\n<p style=\"text-align: justify;\">Le site internet est d\u00e9velopp\u00e9 et g\u00e9r\u00e9 par l\u2019Institut Droit &amp; Croissance dont le si\u00e8ge social est situ\u00e9 en France. Le site internet est h\u00e9berg\u00e9 en France. Tout litige en relation avec l\u2019utilisation ou la consultation du site <a href=\"www.droitetcroissance.fr\">www.droitetcroissance.fr<\/a> sera soumis \u00e0 la loi fran\u00e7aise et rel\u00e8vera de la comp\u00e9tence des tribunaux fran\u00e7ais.<\/p>\n<p>Lega<\/p>\n","protected":false},"excerpt":{"rendered":"<p>\u00a01.\u00a0\u00a0\u00a0 Pr\u00e9sentation du site\u00a0www.droitetcroissance.fr Institut Droit &amp; Croissance\u00a0 Association r\u00e9gie par la loi du 1er juillet 1901 Si\u00e8ge social : C\/O Institut Louis Bachelier &#8211; 28 place de la Bourse &#8211; 75002 Paris La pr\u00e9sentation du site internet www.droitetcroissance.fr et son contenu sont la propri\u00e9t\u00e9 de l\u2019Institut Droit &amp; Croissance, Association r\u00e9gie par la loi du 1er juillet 1901. La [&hellip;]<\/p>\n","protected":false},"author":7,"featured_media":0,"parent":0,"menu_order":0,"comment_status":"closed","ping_status":"closed","template":"","meta":{"jetpack_post_was_ever_published":false,"_rsvp_to":"","_rsvp_max":"","_rsvp_show_attendees":"","_rsvp_instructions":"","simple_price":"","simple_price_label":"Billets","venue":"","_template_start_hour":"","_template_start_minutes":"","_sked_minutes":"","_sked_stop":"","_sked_duration":"","_payment_gateway":"Cash or Custom","_rsvp_currency":"USD","_sked_hour":"12","_sked_end":"13:00","rsvp_tx_template":0,"_rsvp_start":0,"_rsvp_deadline":0,"_rsvp_deadline_daysbefore":"0","_rsvp_deadline_hours":"0","_rsvp_reg_daysbefore":"0","_rsvp_reg_hours":"0","_rsvp_count_party":"1","_timezone":"Europe\/Paris","_rsvp_on":false,"_add_timezone":false,"_convert_timezone":false,"_calendar_icons":true,"_rsvp_end_display":false,"_rsvp_rsvpmaker_send_confirmation_email":false,"_rsvp_confirmation_after_payment":false,"_rsvp_confirmation_include_event":false,"_rsvp_count":true,"_rsvp_yesno":true,"_rsvp_captcha":false,"_rsvp_login_required":false,"_rsvp_form_show_date":false,"_show_rsvpmaker_options":false,"footnotes":""},"yoast_head":"<!-- This site is optimized with the Yoast SEO plugin v23.5 - https:\/\/yoast.com\/wordpress\/plugins\/seo\/ -->\n<title>Legal Notice - Droit &amp; Croissance<\/title>\n<meta name=\"robots\" content=\"index, follow, max-snippet:-1, max-image-preview:large, max-video-preview:-1\" \/>\n<link rel=\"canonical\" href=\"https:\/\/droitetcroissance.fr\/en\/legal-notice\/\" \/>\n<meta name=\"twitter:label1\" content=\"Est. reading time\" \/>\n\t<meta name=\"twitter:data1\" content=\"6 minutes\" \/>\n<script type=\"application\/ld+json\" class=\"yoast-schema-graph\">{\"@context\":\"https:\/\/schema.org\",\"@graph\":[{\"@type\":\"WebPage\",\"@id\":\"https:\/\/droitetcroissance.fr\/en\/legal-notice\/\",\"url\":\"https:\/\/droitetcroissance.fr\/en\/legal-notice\/\",\"name\":\"Legal Notice - Droit &amp; Croissance\",\"isPartOf\":{\"@id\":\"https:\/\/droitetcroissance.fr\/#website\"},\"datePublished\":\"2019-09-02T08:11:26+00:00\",\"dateModified\":\"2019-09-02T08:11:26+00:00\",\"breadcrumb\":{\"@id\":\"https:\/\/droitetcroissance.fr\/en\/legal-notice\/#breadcrumb\"},\"inLanguage\":\"en-US\",\"potentialAction\":[{\"@type\":\"ReadAction\",\"target\":[\"https:\/\/droitetcroissance.fr\/en\/legal-notice\/\"]}]},{\"@type\":\"BreadcrumbList\",\"@id\":\"https:\/\/droitetcroissance.fr\/en\/legal-notice\/#breadcrumb\",\"itemListElement\":[{\"@type\":\"ListItem\",\"position\":1,\"name\":\"Accueil\",\"item\":\"https:\/\/droitetcroissance.fr\/en\/\"},{\"@type\":\"ListItem\",\"position\":2,\"name\":\"Legal Notice\"}]},{\"@type\":\"WebSite\",\"@id\":\"https:\/\/droitetcroissance.fr\/#website\",\"url\":\"https:\/\/droitetcroissance.fr\/\",\"name\":\"Droit &amp; Croissance\",\"description\":\"Le droit, outil au service de la croissance\",\"publisher\":{\"@id\":\"https:\/\/droitetcroissance.fr\/#organization\"},\"potentialAction\":[{\"@type\":\"SearchAction\",\"target\":{\"@type\":\"EntryPoint\",\"urlTemplate\":\"https:\/\/droitetcroissance.fr\/?s={search_term_string}\"},\"query-input\":{\"@type\":\"PropertyValueSpecification\",\"valueRequired\":true,\"valueName\":\"search_term_string\"}}],\"inLanguage\":\"en-US\"},{\"@type\":\"Organization\",\"@id\":\"https:\/\/droitetcroissance.fr\/#organization\",\"name\":\"Droit & Croissance\",\"url\":\"https:\/\/droitetcroissance.fr\/\",\"logo\":{\"@type\":\"ImageObject\",\"inLanguage\":\"en-US\",\"@id\":\"https:\/\/droitetcroissance.fr\/#\/schema\/logo\/image\/\",\"url\":\"https:\/\/droitetcroissance.fr\/wp-content\/uploads\/2015\/01\/cropped-LogoDC.jpg\",\"contentUrl\":\"https:\/\/droitetcroissance.fr\/wp-content\/uploads\/2015\/01\/cropped-LogoDC.jpg\",\"width\":512,\"height\":512,\"caption\":\"Droit & Croissance\"},\"image\":{\"@id\":\"https:\/\/droitetcroissance.fr\/#\/schema\/logo\/image\/\"},\"sameAs\":[\"https:\/\/www.facebook.com\/pages\/Droit-et-Croissance-Rules-for-Growth\/282120515217184\",\"https:\/\/x.com\/RulesForGrowth\"]}]}<\/script>\n<!-- \/ Yoast SEO plugin. -->","yoast_head_json":{"title":"Legal Notice - Droit &amp; Croissance","robots":{"index":"index","follow":"follow","max-snippet":"max-snippet:-1","max-image-preview":"max-image-preview:large","max-video-preview":"max-video-preview:-1"},"canonical":"https:\/\/droitetcroissance.fr\/en\/legal-notice\/","twitter_misc":{"Est. reading time":"6 minutes"},"schema":{"@context":"https:\/\/schema.org","@graph":[{"@type":"WebPage","@id":"https:\/\/droitetcroissance.fr\/en\/legal-notice\/","url":"https:\/\/droitetcroissance.fr\/en\/legal-notice\/","name":"Legal Notice - Droit &amp; Croissance","isPartOf":{"@id":"https:\/\/droitetcroissance.fr\/#website"},"datePublished":"2019-09-02T08:11:26+00:00","dateModified":"2019-09-02T08:11:26+00:00","breadcrumb":{"@id":"https:\/\/droitetcroissance.fr\/en\/legal-notice\/#breadcrumb"},"inLanguage":"en-US","potentialAction":[{"@type":"ReadAction","target":["https:\/\/droitetcroissance.fr\/en\/legal-notice\/"]}]},{"@type":"BreadcrumbList","@id":"https:\/\/droitetcroissance.fr\/en\/legal-notice\/#breadcrumb","itemListElement":[{"@type":"ListItem","position":1,"name":"Accueil","item":"https:\/\/droitetcroissance.fr\/en\/"},{"@type":"ListItem","position":2,"name":"Legal Notice"}]},{"@type":"WebSite","@id":"https:\/\/droitetcroissance.fr\/#website","url":"https:\/\/droitetcroissance.fr\/","name":"Droit &amp; Croissance","description":"Le droit, outil au service de la croissance","publisher":{"@id":"https:\/\/droitetcroissance.fr\/#organization"},"potentialAction":[{"@type":"SearchAction","target":{"@type":"EntryPoint","urlTemplate":"https:\/\/droitetcroissance.fr\/?s={search_term_string}"},"query-input":{"@type":"PropertyValueSpecification","valueRequired":true,"valueName":"search_term_string"}}],"inLanguage":"en-US"},{"@type":"Organization","@id":"https:\/\/droitetcroissance.fr\/#organization","name":"Droit & Croissance","url":"https:\/\/droitetcroissance.fr\/","logo":{"@type":"ImageObject","inLanguage":"en-US","@id":"https:\/\/droitetcroissance.fr\/#\/schema\/logo\/image\/","url":"https:\/\/droitetcroissance.fr\/wp-content\/uploads\/2015\/01\/cropped-LogoDC.jpg","contentUrl":"https:\/\/droitetcroissance.fr\/wp-content\/uploads\/2015\/01\/cropped-LogoDC.jpg","width":512,"height":512,"caption":"Droit & Croissance"},"image":{"@id":"https:\/\/droitetcroissance.fr\/#\/schema\/logo\/image\/"},"sameAs":["https:\/\/www.facebook.com\/pages\/Droit-et-Croissance-Rules-for-Growth\/282120515217184","https:\/\/x.com\/RulesForGrowth"]}]}},"jetpack_shortlink":"https:\/\/wp.me\/P2LAAl-2jg","jetpack_sharing_enabled":true,"_links":{"self":[{"href":"https:\/\/droitetcroissance.fr\/en\/wp-json\/wp\/v2\/pages\/8882"}],"collection":[{"href":"https:\/\/droitetcroissance.fr\/en\/wp-json\/wp\/v2\/pages"}],"about":[{"href":"https:\/\/droitetcroissance.fr\/en\/wp-json\/wp\/v2\/types\/page"}],"author":[{"embeddable":true,"href":"https:\/\/droitetcroissance.fr\/en\/wp-json\/wp\/v2\/users\/7"}],"replies":[{"embeddable":true,"href":"https:\/\/droitetcroissance.fr\/en\/wp-json\/wp\/v2\/comments?post=8882"}],"version-history":[{"count":0,"href":"https:\/\/droitetcroissance.fr\/en\/wp-json\/wp\/v2\/pages\/8882\/revisions"}],"wp:attachment":[{"href":"https:\/\/droitetcroissance.fr\/en\/wp-json\/wp\/v2\/media?parent=8882"}],"curies":[{"name":"wp","href":"https:\/\/api.w.org\/{rel}","templated":true}]}}