{"id":8798,"date":"2019-09-01T20:26:42","date_gmt":"2019-09-01T18:26:42","guid":{"rendered":"https:\/\/droitetcroissance.fr\/?page_id=8798"},"modified":"2021-01-29T10:58:40","modified_gmt":"2021-01-29T09:58:40","slug":"equipe","status":"publish","type":"page","link":"https:\/\/droitetcroissance.fr\/en\/equipe\/","title":{"rendered":"Team"},"content":{"rendered":"[spb_text_block pb_margin_bottom=&#8221;no&#8221; pb_border_bottom=&#8221;no&#8221; width=&#8221;1\/1&#8243; el_position=&#8221;first last&#8221;]\n<p><img loading=\"lazy\" decoding=\"async\" data-attachment-id=\"8802\" data-permalink=\"https:\/\/droitetcroissance.fr\/en\/equipe\/equipe\/\" data-orig-file=\"https:\/\/droitetcroissance.fr\/wp-content\/uploads\/2019\/09\/equipe.jpg\" data-orig-size=\"1024,525\" data-comments-opened=\"0\" data-image-meta=\"{&quot;aperture&quot;:&quot;7.1&quot;,&quot;credit&quot;:&quot;\\u00a9 Christophe Lebedinsky&quot;,&quot;camera&quot;:&quot;Canon EOS 5D Mark III&quot;,&quot;caption&quot;:&quot;AG 2016 Droit et Croissance\\r\\r\\r\\r- Les droits d&#039;utilisation publicitaire ou d&#039;\\u017dditions sont prot\\u017dg\\u017ds, contacter l&#039;auteur - www.lebedinsky.com  - Tel : +33607660257&quot;,&quot;created_timestamp&quot;:&quot;1458156937&quot;,&quot;copyright&quot;:&quot;\\u00a9 Christophe Lebedinsky&quot;,&quot;focal_length&quot;:&quot;24&quot;,&quot;iso&quot;:&quot;2500&quot;,&quot;shutter_speed&quot;:&quot;0.01&quot;,&quot;title&quot;:&quot;&quot;,&quot;orientation&quot;:&quot;1&quot;}\" data-image-title=\"equipe\" data-image-description=\"\" data-image-caption=\"&lt;p&gt;AG 2016 Droit et Croissance&lt;\/p&gt;\n&lt;p&gt;&#8211; Les droits d&#8217;utilisation publicitaire ou d&#8217;\u017dditions sont prot\u017dg\u017ds, contacter l&#8217;auteur &#8211; www.lebedinsky.com  &#8211; Tel : +33607660257&lt;\/p&gt;\n\" data-medium-file=\"https:\/\/droitetcroissance.fr\/wp-content\/uploads\/2019\/09\/equipe-300x154.jpg\" data-large-file=\"https:\/\/droitetcroissance.fr\/wp-content\/uploads\/2019\/09\/equipe-1024x525.jpg\" tabindex=\"0\" role=\"button\" class=\"wp-image-8802 alignright\" src=\"https:\/\/droitetcroissance.fr\/wp-content\/uploads\/2019\/09\/equipe-1024x525.jpg\" alt=\"\" width=\"575\" height=\"295\" data-wp-pid=\"3521\" srcset=\"https:\/\/droitetcroissance.fr\/wp-content\/uploads\/2019\/09\/equipe.jpg 1024w, https:\/\/droitetcroissance.fr\/wp-content\/uploads\/2019\/09\/equipe-300x154.jpg 300w, https:\/\/droitetcroissance.fr\/wp-content\/uploads\/2019\/09\/equipe-768x394.jpg 768w, https:\/\/droitetcroissance.fr\/wp-content\/uploads\/2019\/09\/equipe-160x82.jpg 160w, https:\/\/droitetcroissance.fr\/wp-content\/uploads\/2019\/09\/equipe-800x410.jpg 800w\" sizes=\"(max-width: 575px) 100vw, 575px\" \/><\/p>\n<div>\n<p class=\"DefaultA\"><span lang=\"EN-US\">The Rules for Growth team is made up of permanent members from various professional and academic backgrounds.<\/span><\/p>\n<\/div>\n<div>\n<p class=\"DefaultA\"><span lang=\"EN-US\">A solid team of\u00a0<\/span><span style=\"text-align: justify;\">dedicated\u00a0<\/span><span lang=\"EN-US\">volunteers\u00a0<\/span><span style=\"text-align: justify;\">provides the support needed to keep the institute running. The team ensures the\u00a0<\/span><span lang=\"EN-US\">management\u00a0<\/span><span style=\"text-align: justify;\">of the organization and of its different projects and events.<\/span><\/p>\n<\/div>\n[\/spb_text_block] [team_carousel title=&#8221;<strong>The authors of Droit &amp; Croissance<\/strong>&#8221; category=&#8221;team&#8221; profile_link=&#8221;yes&#8221; width=&#8221;1\/1&#8243; el_position=&#8221;first last&#8221;] [team_carousel category=&#8221;team-1&#8243; profile_link=&#8221;yes&#8221; width=&#8221;1\/1&#8243; el_position=&#8221;first last&#8221;] [team_carousel category=&#8221;team-2&#8243; profile_link=&#8221;yes&#8221; width=&#8221;1\/1&#8243; el_position=&#8221;first last&#8221;] [team_carousel category=&#8221;team-3&#8243; profile_link=&#8221;yes&#8221; width=&#8221;1\/1&#8243; el_position=&#8221;first last&#8221;] [team_carousel category=&#8221;team-4&#8243; profile_link=&#8221;yes&#8221; width=&#8221;1\/1&#8243; el_position=&#8221;first last&#8221;]\n","protected":false},"excerpt":{"rendered":"<p>[spb_text_block pb_margin_bottom=&#8221;no&#8221; pb_border_bottom=&#8221;no&#8221; width=&#8221;1\/1&#8243; el_position=&#8221;first last&#8221;] The Rules for Growth team is made up of permanent members from various professional and academic backgrounds. A solid team of\u00a0dedicated\u00a0volunteers\u00a0provides the support needed to keep the institute running. The team ensures the\u00a0management\u00a0of the organization and of its different projects and events. [\/spb_text_block] [team_carousel title=&#8221;The authors of Droit &amp; Croissance&#8221; category=&#8221;team&#8221; profile_link=&#8221;yes&#8221; width=&#8221;1\/1&#8243; el_position=&#8221;first [&hellip;]<\/p>\n","protected":false},"author":1,"featured_media":0,"parent":0,"menu_order":4,"comment_status":"closed","ping_status":"closed","template":"","meta":{"jetpack_post_was_ever_published":false,"_rsvp_to":"","_rsvp_max":"","_rsvp_show_attendees":"","_rsvp_instructions":"","simple_price":"","simple_price_label":"Billets","venue":"","_template_start_hour":"","_template_start_minutes":"","_sked_minutes":"","_sked_stop":"","_sked_duration":"","_payment_gateway":"Cash or Custom","_rsvp_currency":"USD","_sked_hour":"12","_sked_end":"13:00","rsvp_tx_template":0,"_rsvp_start":0,"_rsvp_deadline":0,"_rsvp_deadline_daysbefore":"0","_rsvp_deadline_hours":"0","_rsvp_reg_daysbefore":"0","_rsvp_reg_hours":"0","_rsvp_count_party":"1","_timezone":"Europe\/Paris","_rsvp_on":false,"_add_timezone":false,"_convert_timezone":false,"_calendar_icons":true,"_rsvp_end_display":false,"_rsvp_rsvpmaker_send_confirmation_email":false,"_rsvp_confirmation_after_payment":false,"_rsvp_confirmation_include_event":false,"_rsvp_count":true,"_rsvp_yesno":true,"_rsvp_captcha":false,"_rsvp_login_required":false,"_rsvp_form_show_date":false,"_show_rsvpmaker_options":false,"footnotes":""},"yoast_head":"<!-- This site is optimized with the Yoast SEO plugin v23.5 - https:\/\/yoast.com\/wordpress\/plugins\/seo\/ -->\n<title>Team - Droit &amp; Croissance<\/title>\n<meta name=\"robots\" content=\"index, follow, max-snippet:-1, max-image-preview:large, max-video-preview:-1\" \/>\n<link rel=\"canonical\" href=\"https:\/\/droitetcroissance.fr\/en\/equipe\/\" \/>\n<meta name=\"twitter:label1\" content=\"Est. reading time\" \/>\n\t<meta name=\"twitter:data1\" content=\"1 minute\" \/>\n<script type=\"application\/ld+json\" class=\"yoast-schema-graph\">{\"@context\":\"https:\/\/schema.org\",\"@graph\":[{\"@type\":\"WebPage\",\"@id\":\"https:\/\/droitetcroissance.fr\/en\/equipe\/\",\"url\":\"https:\/\/droitetcroissance.fr\/en\/equipe\/\",\"name\":\"Team - Droit &amp; Croissance\",\"isPartOf\":{\"@id\":\"https:\/\/droitetcroissance.fr\/#website\"},\"primaryImageOfPage\":{\"@id\":\"https:\/\/droitetcroissance.fr\/en\/equipe\/#primaryimage\"},\"image\":{\"@id\":\"https:\/\/droitetcroissance.fr\/en\/equipe\/#primaryimage\"},\"thumbnailUrl\":\"https:\/\/droitetcroissance.fr\/wp-content\/uploads\/2019\/09\/equipe-1024x525.jpg\",\"datePublished\":\"2019-09-01T18:26:42+00:00\",\"dateModified\":\"2021-01-29T09:58:40+00:00\",\"breadcrumb\":{\"@id\":\"https:\/\/droitetcroissance.fr\/en\/equipe\/#breadcrumb\"},\"inLanguage\":\"en-US\",\"potentialAction\":[{\"@type\":\"ReadAction\",\"target\":[\"https:\/\/droitetcroissance.fr\/en\/equipe\/\"]}]},{\"@type\":\"ImageObject\",\"inLanguage\":\"en-US\",\"@id\":\"https:\/\/droitetcroissance.fr\/en\/equipe\/#primaryimage\",\"url\":\"https:\/\/droitetcroissance.fr\/wp-content\/uploads\/2019\/09\/equipe-1024x525.jpg\",\"contentUrl\":\"https:\/\/droitetcroissance.fr\/wp-content\/uploads\/2019\/09\/equipe-1024x525.jpg\"},{\"@type\":\"BreadcrumbList\",\"@id\":\"https:\/\/droitetcroissance.fr\/en\/equipe\/#breadcrumb\",\"itemListElement\":[{\"@type\":\"ListItem\",\"position\":1,\"name\":\"Accueil\",\"item\":\"https:\/\/droitetcroissance.fr\/en\/\"},{\"@type\":\"ListItem\",\"position\":2,\"name\":\"Team\"}]},{\"@type\":\"WebSite\",\"@id\":\"https:\/\/droitetcroissance.fr\/#website\",\"url\":\"https:\/\/droitetcroissance.fr\/\",\"name\":\"Droit &amp; Croissance\",\"description\":\"Le droit, outil au service de la croissance\",\"publisher\":{\"@id\":\"https:\/\/droitetcroissance.fr\/#organization\"},\"potentialAction\":[{\"@type\":\"SearchAction\",\"target\":{\"@type\":\"EntryPoint\",\"urlTemplate\":\"https:\/\/droitetcroissance.fr\/?s={search_term_string}\"},\"query-input\":{\"@type\":\"PropertyValueSpecification\",\"valueRequired\":true,\"valueName\":\"search_term_string\"}}],\"inLanguage\":\"en-US\"},{\"@type\":\"Organization\",\"@id\":\"https:\/\/droitetcroissance.fr\/#organization\",\"name\":\"Droit & Croissance\",\"url\":\"https:\/\/droitetcroissance.fr\/\",\"logo\":{\"@type\":\"ImageObject\",\"inLanguage\":\"en-US\",\"@id\":\"https:\/\/droitetcroissance.fr\/#\/schema\/logo\/image\/\",\"url\":\"https:\/\/droitetcroissance.fr\/wp-content\/uploads\/2015\/01\/cropped-LogoDC.jpg\",\"contentUrl\":\"https:\/\/droitetcroissance.fr\/wp-content\/uploads\/2015\/01\/cropped-LogoDC.jpg\",\"width\":512,\"height\":512,\"caption\":\"Droit & Croissance\"},\"image\":{\"@id\":\"https:\/\/droitetcroissance.fr\/#\/schema\/logo\/image\/\"},\"sameAs\":[\"https:\/\/www.facebook.com\/pages\/Droit-et-Croissance-Rules-for-Growth\/282120515217184\",\"https:\/\/x.com\/RulesForGrowth\"]}]}<\/script>\n<!-- \/ Yoast SEO plugin. -->","yoast_head_json":{"title":"Team - Droit &amp; Croissance","robots":{"index":"index","follow":"follow","max-snippet":"max-snippet:-1","max-image-preview":"max-image-preview:large","max-video-preview":"max-video-preview:-1"},"canonical":"https:\/\/droitetcroissance.fr\/en\/equipe\/","twitter_misc":{"Est. reading time":"1 minute"},"schema":{"@context":"https:\/\/schema.org","@graph":[{"@type":"WebPage","@id":"https:\/\/droitetcroissance.fr\/en\/equipe\/","url":"https:\/\/droitetcroissance.fr\/en\/equipe\/","name":"Team - Droit &amp; Croissance","isPartOf":{"@id":"https:\/\/droitetcroissance.fr\/#website"},"primaryImageOfPage":{"@id":"https:\/\/droitetcroissance.fr\/en\/equipe\/#primaryimage"},"image":{"@id":"https:\/\/droitetcroissance.fr\/en\/equipe\/#primaryimage"},"thumbnailUrl":"https:\/\/droitetcroissance.fr\/wp-content\/uploads\/2019\/09\/equipe-1024x525.jpg","datePublished":"2019-09-01T18:26:42+00:00","dateModified":"2021-01-29T09:58:40+00:00","breadcrumb":{"@id":"https:\/\/droitetcroissance.fr\/en\/equipe\/#breadcrumb"},"inLanguage":"en-US","potentialAction":[{"@type":"ReadAction","target":["https:\/\/droitetcroissance.fr\/en\/equipe\/"]}]},{"@type":"ImageObject","inLanguage":"en-US","@id":"https:\/\/droitetcroissance.fr\/en\/equipe\/#primaryimage","url":"https:\/\/droitetcroissance.fr\/wp-content\/uploads\/2019\/09\/equipe-1024x525.jpg","contentUrl":"https:\/\/droitetcroissance.fr\/wp-content\/uploads\/2019\/09\/equipe-1024x525.jpg"},{"@type":"BreadcrumbList","@id":"https:\/\/droitetcroissance.fr\/en\/equipe\/#breadcrumb","itemListElement":[{"@type":"ListItem","position":1,"name":"Accueil","item":"https:\/\/droitetcroissance.fr\/en\/"},{"@type":"ListItem","position":2,"name":"Team"}]},{"@type":"WebSite","@id":"https:\/\/droitetcroissance.fr\/#website","url":"https:\/\/droitetcroissance.fr\/","name":"Droit &amp; Croissance","description":"Le droit, outil au service de la croissance","publisher":{"@id":"https:\/\/droitetcroissance.fr\/#organization"},"potentialAction":[{"@type":"SearchAction","target":{"@type":"EntryPoint","urlTemplate":"https:\/\/droitetcroissance.fr\/?s={search_term_string}"},"query-input":{"@type":"PropertyValueSpecification","valueRequired":true,"valueName":"search_term_string"}}],"inLanguage":"en-US"},{"@type":"Organization","@id":"https:\/\/droitetcroissance.fr\/#organization","name":"Droit & Croissance","url":"https:\/\/droitetcroissance.fr\/","logo":{"@type":"ImageObject","inLanguage":"en-US","@id":"https:\/\/droitetcroissance.fr\/#\/schema\/logo\/image\/","url":"https:\/\/droitetcroissance.fr\/wp-content\/uploads\/2015\/01\/cropped-LogoDC.jpg","contentUrl":"https:\/\/droitetcroissance.fr\/wp-content\/uploads\/2015\/01\/cropped-LogoDC.jpg","width":512,"height":512,"caption":"Droit & Croissance"},"image":{"@id":"https:\/\/droitetcroissance.fr\/#\/schema\/logo\/image\/"},"sameAs":["https:\/\/www.facebook.com\/pages\/Droit-et-Croissance-Rules-for-Growth\/282120515217184","https:\/\/x.com\/RulesForGrowth"]}]}},"jetpack_shortlink":"https:\/\/wp.me\/P2LAAl-2hU","jetpack_sharing_enabled":true,"_links":{"self":[{"href":"https:\/\/droitetcroissance.fr\/en\/wp-json\/wp\/v2\/pages\/8798"}],"collection":[{"href":"https:\/\/droitetcroissance.fr\/en\/wp-json\/wp\/v2\/pages"}],"about":[{"href":"https:\/\/droitetcroissance.fr\/en\/wp-json\/wp\/v2\/types\/page"}],"author":[{"embeddable":true,"href":"https:\/\/droitetcroissance.fr\/en\/wp-json\/wp\/v2\/users\/1"}],"replies":[{"embeddable":true,"href":"https:\/\/droitetcroissance.fr\/en\/wp-json\/wp\/v2\/comments?post=8798"}],"version-history":[{"count":2,"href":"https:\/\/droitetcroissance.fr\/en\/wp-json\/wp\/v2\/pages\/8798\/revisions"}],"predecessor-version":[{"id":9884,"href":"https:\/\/droitetcroissance.fr\/en\/wp-json\/wp\/v2\/pages\/8798\/revisions\/9884"}],"wp:attachment":[{"href":"https:\/\/droitetcroissance.fr\/en\/wp-json\/wp\/v2\/media?parent=8798"}],"curies":[{"name":"wp","href":"https:\/\/api.w.org\/{rel}","templated":true}]}}