{"id":8684,"date":"2019-09-01T13:56:50","date_gmt":"2019-09-01T11:56:50","guid":{"rendered":"https:\/\/droitetcroissance.fr\/?page_id=8684"},"modified":"2019-09-01T16:55:58","modified_gmt":"2019-09-01T14:55:58","slug":"influence","status":"publish","type":"page","link":"https:\/\/droitetcroissance.fr\/en\/influence\/","title":{"rendered":"Influence"},"content":{"rendered":"<p><img loading=\"lazy\" decoding=\"async\" class=\"aligncenter wp-image-3916\" src=\"https:\/\/droitetcroissance.fr\/wp-content\/uploads\/2015\/05\/dominos1.jpg\" alt=\"dominos\" width=\"559\" height=\"217\" data-wp-pid=\"3916\" \/><\/p>\n<p style=\"text-align: justify;\">Droit &amp; Croissance \/ Rules for Growth Institute is a think tank whose ambition is to influence public powers with a view to improving legal rules and, in particular, to sensitize law makers to the assessment of the economic consequences of pieces of legislation. This preoccupation is based on \u201cthe economic analysis of law\u201d, an understudied discipline in the academic teaching of law. The Rules for Growth Institute aims to serve the public interest in a non-partisan way. Its Ethics Committee, chaired by Bernard DESOLNEUX and composed of Jacques DELPLA, Isabelle ROUX-CHENU, Thomas PHILIPPON and Delphine D&#8217;AMARZIT, aims to enforce the Rules for Growth Institute Code of Ethics which implies principles and practices of good conduct.<\/p>\n<p><strong>&gt;\u00a0PUBLICATIONS<\/strong><\/p>\n<p>In order to disseminate its reflections vis-\u00e0-vis public powers, Droit &amp; Croissance publishes its research and replies to public consultations in specialized journals in France. In order to disseminate its analyses beyond the French borders, scientific publications by the Rules for Growth Institute are available free of charge in English on the Social Science Research Network platform.<\/p>\n<p>The Rules for Growth Institute is also mindful that its research work is known by the public. For this purpose, we contribute to numerous forums and articles in the mainstream press (Le Figaro, La Tribune, L\u2019Opinion, L\u2019AGEFI, La Lettre des Juristes d\u2019Affaires, Les Echos, etc.).<\/p>\n<p><strong>&gt; CONFERENCES and BILATERAL MEETINGS<br \/>\n<\/strong><\/p>\n<p>Since its creation, the Rules for Growth Institute regularly organises conferences and bilateral meetings on topical themes of interest to private and public players in the legal, economic and financial spheres. Major figures and experts in such fields participate in these events.<\/p>\n<p><strong>&gt;\u00a0CONSULTATIONS<\/strong><\/p>\n<p>The replies to numerous European Commission public consultations in its areas of expertise.<\/p>\n<p>Owing to its expertise, the Rules for Growth Institute is taking part in the project, along with European Union bodies, seeking to harmonise insolvency law. The Rules for Growth Institute also participated in upstream discussions regarding the Pact law.<\/p>\n<p>We are regularly consulted by French and European public powers.<\/p>\n<p><a href=\"http:\/\/droitetcroissance.fr\/sv-ts-elysee\/\"><img loading=\"lazy\" decoding=\"async\" class=\"alignleft wp-image-6213 size-medium\" src=\"https:\/\/droitetcroissance.fr\/wp-content\/uploads\/2015\/01\/SV-TS-Elys\u00e9e-225x300.jpeg\" alt=\"\" width=\"225\" height=\"300\" data-wp-pid=\"6213\" srcset=\"https:\/\/droitetcroissance.fr\/wp-content\/uploads\/2015\/01\/SV-TS-Elys\u00e9e-225x300.jpeg 225w, https:\/\/droitetcroissance.fr\/wp-content\/uploads\/2015\/01\/SV-TS-Elys\u00e9e.jpeg 768w, https:\/\/droitetcroissance.fr\/wp-content\/uploads\/2015\/01\/SV-TS-Elys\u00e9e-120x160.jpeg 120w, https:\/\/droitetcroissance.fr\/wp-content\/uploads\/2015\/01\/SV-TS-Elys\u00e9e-600x800.jpeg 600w\" sizes=\"(max-width: 225px) 100vw, 225px\" \/><\/a>Finally, acknowledged for its expertise with respect to insolvency law, The Rules for Growth Institute is regularly invited to take part in numerous conferences in France, Europe and the United States:<br \/>\n&#8211; on September 15, 2014, in connection with the Annual Conference on Financing and Investing at the Elysee, for a round table led by Mr. Emmanuel Macron;<br \/>\n&#8211; on June 7, 2016, at the <em>Autorit\u00e9 de contr\u00f4le prudentiel et de r\u00e9solution <\/em>(French prudential supervisory authority), in connection with a scientific committee session;<br \/>\n&#8211; on February 23, 2016, at the <em>Banque de France<\/em> (French central bank), for a conference with the foreign homologues of the <em>Banque de France<\/em>;<br \/>\n&#8211; on March 29, 2016 at the International Monetary Fund;<br \/>\n&#8211; on July 12, 2016 at the European Commission for a conference on the harmonization of insolvency legal systems in the European Union;<br \/>\n&#8211; on December 8, 2016 at the European Central Bank;<br \/>\n&#8211; on January 19, 2018 at the French Economics and Finance Ministry<br \/>\n&#8211; on April 13, 2018 at France Strat\u00e9gie<\/p>\n","protected":false},"excerpt":{"rendered":"<p>Droit &amp; Croissance \/ Rules for Growth Institute is a think tank whose ambition is to influence public powers with a view to improving legal rules and, in particular, to sensitize law makers to the assessment of the economic consequences of pieces of legislation. This preoccupation is based on \u201cthe economic analysis of law\u201d, an understudied discipline in the academic [&hellip;]<\/p>\n","protected":false},"author":1,"featured_media":0,"parent":0,"menu_order":5,"comment_status":"closed","ping_status":"closed","template":"","meta":{"jetpack_post_was_ever_published":false,"_rsvp_to":"","_rsvp_max":"","_rsvp_show_attendees":"","_rsvp_instructions":"","simple_price":"","simple_price_label":"","venue":"","_template_start_hour":"","_template_start_minutes":"","_sked_minutes":"","_sked_stop":"","_sked_duration":"","_payment_gateway":"Cash or Custom","_rsvp_currency":"USD","_sked_hour":"12","_sked_end":"13:00","rsvp_tx_template":0,"_rsvp_start":0,"_rsvp_deadline":0,"_rsvp_deadline_daysbefore":"0","_rsvp_deadline_hours":"0","_rsvp_reg_daysbefore":"0","_rsvp_reg_hours":"0","_rsvp_count_party":"1","_timezone":"Europe\/Paris","_rsvp_on":false,"_add_timezone":false,"_convert_timezone":false,"_calendar_icons":true,"_rsvp_end_display":false,"_rsvp_rsvpmaker_send_confirmation_email":false,"_rsvp_confirmation_after_payment":false,"_rsvp_confirmation_include_event":false,"_rsvp_count":true,"_rsvp_yesno":true,"_rsvp_captcha":false,"_rsvp_login_required":false,"_rsvp_form_show_date":false,"_show_rsvpmaker_options":false,"footnotes":""},"yoast_head":"<!-- This site is optimized with the Yoast SEO plugin v23.5 - https:\/\/yoast.com\/wordpress\/plugins\/seo\/ -->\n<title>Influence - Droit &amp; Croissance<\/title>\n<meta name=\"robots\" content=\"index, follow, max-snippet:-1, max-image-preview:large, max-video-preview:-1\" \/>\n<link rel=\"canonical\" href=\"https:\/\/droitetcroissance.fr\/en\/influence\/\" \/>\n<meta name=\"twitter:label1\" content=\"Est. reading time\" \/>\n\t<meta name=\"twitter:data1\" content=\"2 minutes\" \/>\n<script type=\"application\/ld+json\" class=\"yoast-schema-graph\">{\"@context\":\"https:\/\/schema.org\",\"@graph\":[{\"@type\":\"WebPage\",\"@id\":\"https:\/\/droitetcroissance.fr\/en\/influence\/\",\"url\":\"https:\/\/droitetcroissance.fr\/en\/influence\/\",\"name\":\"Influence - Droit &amp; Croissance\",\"isPartOf\":{\"@id\":\"https:\/\/droitetcroissance.fr\/#website\"},\"primaryImageOfPage\":{\"@id\":\"https:\/\/droitetcroissance.fr\/en\/influence\/#primaryimage\"},\"image\":{\"@id\":\"https:\/\/droitetcroissance.fr\/en\/influence\/#primaryimage\"},\"thumbnailUrl\":\"https:\/\/droitetcroissance.fr\/wp-content\/uploads\/2015\/05\/dominos1.jpg\",\"datePublished\":\"2019-09-01T11:56:50+00:00\",\"dateModified\":\"2019-09-01T14:55:58+00:00\",\"breadcrumb\":{\"@id\":\"https:\/\/droitetcroissance.fr\/en\/influence\/#breadcrumb\"},\"inLanguage\":\"en-US\",\"potentialAction\":[{\"@type\":\"ReadAction\",\"target\":[\"https:\/\/droitetcroissance.fr\/en\/influence\/\"]}]},{\"@type\":\"ImageObject\",\"inLanguage\":\"en-US\",\"@id\":\"https:\/\/droitetcroissance.fr\/en\/influence\/#primaryimage\",\"url\":\"https:\/\/droitetcroissance.fr\/wp-content\/uploads\/2015\/05\/dominos1.jpg\",\"contentUrl\":\"https:\/\/droitetcroissance.fr\/wp-content\/uploads\/2015\/05\/dominos1.jpg\"},{\"@type\":\"BreadcrumbList\",\"@id\":\"https:\/\/droitetcroissance.fr\/en\/influence\/#breadcrumb\",\"itemListElement\":[{\"@type\":\"ListItem\",\"position\":1,\"name\":\"Accueil\",\"item\":\"https:\/\/droitetcroissance.fr\/en\/\"},{\"@type\":\"ListItem\",\"position\":2,\"name\":\"Influence\"}]},{\"@type\":\"WebSite\",\"@id\":\"https:\/\/droitetcroissance.fr\/#website\",\"url\":\"https:\/\/droitetcroissance.fr\/\",\"name\":\"Droit &amp; Croissance\",\"description\":\"Le droit, outil au service de la croissance\",\"publisher\":{\"@id\":\"https:\/\/droitetcroissance.fr\/#organization\"},\"potentialAction\":[{\"@type\":\"SearchAction\",\"target\":{\"@type\":\"EntryPoint\",\"urlTemplate\":\"https:\/\/droitetcroissance.fr\/?s={search_term_string}\"},\"query-input\":{\"@type\":\"PropertyValueSpecification\",\"valueRequired\":true,\"valueName\":\"search_term_string\"}}],\"inLanguage\":\"en-US\"},{\"@type\":\"Organization\",\"@id\":\"https:\/\/droitetcroissance.fr\/#organization\",\"name\":\"Droit & Croissance\",\"url\":\"https:\/\/droitetcroissance.fr\/\",\"logo\":{\"@type\":\"ImageObject\",\"inLanguage\":\"en-US\",\"@id\":\"https:\/\/droitetcroissance.fr\/#\/schema\/logo\/image\/\",\"url\":\"https:\/\/droitetcroissance.fr\/wp-content\/uploads\/2015\/01\/cropped-LogoDC.jpg\",\"contentUrl\":\"https:\/\/droitetcroissance.fr\/wp-content\/uploads\/2015\/01\/cropped-LogoDC.jpg\",\"width\":512,\"height\":512,\"caption\":\"Droit & Croissance\"},\"image\":{\"@id\":\"https:\/\/droitetcroissance.fr\/#\/schema\/logo\/image\/\"},\"sameAs\":[\"https:\/\/www.facebook.com\/pages\/Droit-et-Croissance-Rules-for-Growth\/282120515217184\",\"https:\/\/x.com\/RulesForGrowth\"]}]}<\/script>\n<!-- \/ Yoast SEO plugin. -->","yoast_head_json":{"title":"Influence - Droit &amp; Croissance","robots":{"index":"index","follow":"follow","max-snippet":"max-snippet:-1","max-image-preview":"max-image-preview:large","max-video-preview":"max-video-preview:-1"},"canonical":"https:\/\/droitetcroissance.fr\/en\/influence\/","twitter_misc":{"Est. reading time":"2 minutes"},"schema":{"@context":"https:\/\/schema.org","@graph":[{"@type":"WebPage","@id":"https:\/\/droitetcroissance.fr\/en\/influence\/","url":"https:\/\/droitetcroissance.fr\/en\/influence\/","name":"Influence - Droit &amp; Croissance","isPartOf":{"@id":"https:\/\/droitetcroissance.fr\/#website"},"primaryImageOfPage":{"@id":"https:\/\/droitetcroissance.fr\/en\/influence\/#primaryimage"},"image":{"@id":"https:\/\/droitetcroissance.fr\/en\/influence\/#primaryimage"},"thumbnailUrl":"https:\/\/droitetcroissance.fr\/wp-content\/uploads\/2015\/05\/dominos1.jpg","datePublished":"2019-09-01T11:56:50+00:00","dateModified":"2019-09-01T14:55:58+00:00","breadcrumb":{"@id":"https:\/\/droitetcroissance.fr\/en\/influence\/#breadcrumb"},"inLanguage":"en-US","potentialAction":[{"@type":"ReadAction","target":["https:\/\/droitetcroissance.fr\/en\/influence\/"]}]},{"@type":"ImageObject","inLanguage":"en-US","@id":"https:\/\/droitetcroissance.fr\/en\/influence\/#primaryimage","url":"https:\/\/droitetcroissance.fr\/wp-content\/uploads\/2015\/05\/dominos1.jpg","contentUrl":"https:\/\/droitetcroissance.fr\/wp-content\/uploads\/2015\/05\/dominos1.jpg"},{"@type":"BreadcrumbList","@id":"https:\/\/droitetcroissance.fr\/en\/influence\/#breadcrumb","itemListElement":[{"@type":"ListItem","position":1,"name":"Accueil","item":"https:\/\/droitetcroissance.fr\/en\/"},{"@type":"ListItem","position":2,"name":"Influence"}]},{"@type":"WebSite","@id":"https:\/\/droitetcroissance.fr\/#website","url":"https:\/\/droitetcroissance.fr\/","name":"Droit &amp; Croissance","description":"Le droit, outil au service de la croissance","publisher":{"@id":"https:\/\/droitetcroissance.fr\/#organization"},"potentialAction":[{"@type":"SearchAction","target":{"@type":"EntryPoint","urlTemplate":"https:\/\/droitetcroissance.fr\/?s={search_term_string}"},"query-input":{"@type":"PropertyValueSpecification","valueRequired":true,"valueName":"search_term_string"}}],"inLanguage":"en-US"},{"@type":"Organization","@id":"https:\/\/droitetcroissance.fr\/#organization","name":"Droit & Croissance","url":"https:\/\/droitetcroissance.fr\/","logo":{"@type":"ImageObject","inLanguage":"en-US","@id":"https:\/\/droitetcroissance.fr\/#\/schema\/logo\/image\/","url":"https:\/\/droitetcroissance.fr\/wp-content\/uploads\/2015\/01\/cropped-LogoDC.jpg","contentUrl":"https:\/\/droitetcroissance.fr\/wp-content\/uploads\/2015\/01\/cropped-LogoDC.jpg","width":512,"height":512,"caption":"Droit & Croissance"},"image":{"@id":"https:\/\/droitetcroissance.fr\/#\/schema\/logo\/image\/"},"sameAs":["https:\/\/www.facebook.com\/pages\/Droit-et-Croissance-Rules-for-Growth\/282120515217184","https:\/\/x.com\/RulesForGrowth"]}]}},"jetpack_shortlink":"https:\/\/wp.me\/P2LAAl-2g4","jetpack_sharing_enabled":true,"_links":{"self":[{"href":"https:\/\/droitetcroissance.fr\/en\/wp-json\/wp\/v2\/pages\/8684"}],"collection":[{"href":"https:\/\/droitetcroissance.fr\/en\/wp-json\/wp\/v2\/pages"}],"about":[{"href":"https:\/\/droitetcroissance.fr\/en\/wp-json\/wp\/v2\/types\/page"}],"author":[{"embeddable":true,"href":"https:\/\/droitetcroissance.fr\/en\/wp-json\/wp\/v2\/users\/1"}],"replies":[{"embeddable":true,"href":"https:\/\/droitetcroissance.fr\/en\/wp-json\/wp\/v2\/comments?post=8684"}],"version-history":[{"count":0,"href":"https:\/\/droitetcroissance.fr\/en\/wp-json\/wp\/v2\/pages\/8684\/revisions"}],"wp:attachment":[{"href":"https:\/\/droitetcroissance.fr\/en\/wp-json\/wp\/v2\/media?parent=8684"}],"curies":[{"name":"wp","href":"https:\/\/api.w.org\/{rel}","templated":true}]}}